{"id":1404,"date":"2022-12-08T12:43:26","date_gmt":"2022-12-08T12:43:26","guid":{"rendered":"https:\/\/owl-fulfillment.de\/imprint\/"},"modified":"2023-07-07T10:04:56","modified_gmt":"2023-07-07T10:04:56","slug":"imprint","status":"publish","type":"page","link":"https:\/\/owl-fulfillment.de\/en\/imprint\/","title":{"rendered":"Imprint"},"content":{"rendered":"\t\t<div data-elementor-type=\"wp-page\" data-elementor-id=\"1404\" class=\"elementor elementor-1404 elementor-36\" data-elementor-post-type=\"page\">\n\t\t\t\t\t\t<section class=\"elementor-section elementor-top-section elementor-element elementor-element-2f4bf49 elementor-section-boxed elementor-section-height-default elementor-section-height-default\" data-id=\"2f4bf49\" data-element_type=\"section\" data-e-type=\"section\">\n\t\t\t\t\t\t<div class=\"elementor-container elementor-column-gap-default\">\n\t\t\t\t\t<div class=\"elementor-column elementor-col-100 elementor-top-column elementor-element elementor-element-9ab2196\" data-id=\"9ab2196\" data-element_type=\"column\" data-e-type=\"column\">\n\t\t\t<div class=\"elementor-widget-wrap elementor-element-populated\">\n\t\t\t\t\t\t<div class=\"elementor-element elementor-element-f8b5709 elementor-widget elementor-widget-heading\" data-id=\"f8b5709\" data-element_type=\"widget\" data-e-type=\"widget\" data-widget_type=\"heading.default\">\n\t\t\t\t<div class=\"elementor-widget-container\">\n\t\t\t\t\t<h2 class=\"elementor-heading-title elementor-size-default\">Imprint<\/h2>\t\t\t\t<\/div>\n\t\t\t\t<\/div>\n\t\t\t\t<div class=\"elementor-element elementor-element-a80f4c9 elementor-widget elementor-widget-global elementor-global-1532 elementor-global-748 elementor-widget-text-editor\" data-id=\"a80f4c9\" data-element_type=\"widget\" data-e-type=\"widget\" data-widget_type=\"text-editor.default\">\n\t\t\t\t<div class=\"elementor-widget-container\">\n\t\t\t\t\t\t\t\t\t<h3><b>Information according to \u00a7 5 TMG:<\/b><\/h3>\n<p>3000watt GmbH<br \/>B\u00f6ttcherstr. 7<br \/>33609 Bielefeld<\/p>\n<h3><b>Represented by:<\/b><\/h3>\n<p>3000watt GmbH, represented by the managing director Stefan P\u00f6pper<\/p>\n<h3><b>Contact:<\/b><\/h3>\n<p>Phone: +49 521 329 333 00<br \/>Fax: +49 521 329 333 01<br \/>E-mail: info@owl-fulfillment.de<\/p>\n<h3><b>Registry entry:<\/b><\/h3>\n<p>Entry in the Commercial Register.<br \/>Register court: Local court Bielefeld<br \/>Registration number: HRB 41780<\/p>\n<h3><b>Sales tax:<\/b><\/h3>\n<p>Sales tax identification number according to \u00a727 a Umsatzsteuergesetz:<br \/>DE284436692<\/p>\n<h3><b>Dispute Resolution:<\/b><\/h3>\n<p>The responsible consumer arbitration board is: General Consumer Arbitration Board of the Zentrum f\u00fcr Schlichtung e.V., Stra\u00dfburger Str. 8, 77694 Kehl, Phone: +49 7851 79579 40, Fax: +49 7851 79579 41, Internet: <a href=\"https:\/\/www.verbraucher-schlichter.de\/\" target=\"_blank\" rel=\"noopener noreferrer\">www.verbraucher-schlichter.de,<\/a> E-Mail: mail@verbraucher-schlichter.de.<\/p>\n<p>The European Commission provides a platform for online dispute resolution (ODR): <a href=\"https:\/\/ec.europa.eu\/consumers\/odr\" target=\"_blank\" rel=\"noopener noreferrer\">https:\/\/ec.europa.eu\/consumers\/odr.<\/a><br \/>You can find our e-mail address in the imprint above.<\/p>\n<p>We are not willing or obliged to participate in dispute resolution proceedings before a consumer arbitration board.<\/p>\n<h4><b>Liability for content:<\/b><\/h4>\n<p>As a service provider, we are, in accordance with \u00a7 7 para.1 TMG is responsible for its own content on these pages under the general laws. According to \u00a7\u00a7 8 to 10 TMG, however, we are not obligated as a service provider to monitor transmitted or stored third-party information or to investigate circumstances that indicate illegal activity.<\/p>\n<p>Obligations to remove or block the use of information in accordance with general laws remain unaffected. However, liability in this regard is only possible from the time of knowledge of a concrete infringement. If we become aware of any such infringements, we will remove the content in question immediately.<\/p>\n<h4><b>Liability for links:<\/b><\/h4>\n<p>Our offer contains links to external websites of third parties, on whose contents we have no influence. Therefore, we cannot assume any liability for these external contents. The respective provider or operator of the pages is always responsible for the content of the linked pages. The linked pages were checked for possible legal violations at the time of linking. Illegal contents were not recognizable at the time of linking.<\/p>\n<p>However, a permanent control of the contents of the linked pages is not reasonable without concrete evidence of a violation of the law. If we become aware of any infringements of the law, we will remove such links immediately.<\/p>\n<h4><b>Copyright:<\/b><\/h4>\n<p>The contents and works created by the site operators on these pages are subject to German copyright law. Duplication, processing, distribution, or any form of commercialization of such material beyond the scope of the copyright law shall require the prior written consent of its respective author or creator. Downloads and copies of this page are only permitted for private, non-commercial use.<\/p>\n<p>Insofar as the content on this page was not created by the operator, the copyrights of third parties are respected. In particular, third-party content is identified as such. Should you nevertheless become aware of a copyright infringement, please inform us accordingly. If we become aware of any infringements, we will remove such content immediately.<\/p>\n<p><b>Image credits:<\/b><\/p>\n<p>We select all images and graphics on this website with the utmost care.<\/p>\n<p>Provider: <a href=\"https:\/\/de.freepik.com\/\" target=\"_blank\" rel=\"noopener\">https:\/\/de.freepik.com\/<\/a><\/p>\n<p>License: <a href=\"https:\/\/www.freepikcompany.com\/legal\" target=\"_blank\" rel=\"noopener\">https:\/\/www.freepikcompany.com\/legal<\/a><\/p>\n<p>Additional credits: Photo by <a href=\"https:\/\/unsplash.com\/es\/@lanirudhreddy?utm_source=unsplash&amp;utm_medium=referral&amp;utm_content=creditCopyText\">ANIRUDH<\/a> on <a href=\"https:\/\/unsplash.com\/s\/photos\/amazon?utm_source=unsplash&amp;utm_medium=referral&amp;utm_content=creditCopyText\">Unsplash<\/a><\/p>\n\t\t\t\t\t\t\t\t<\/div>\n\t\t\t\t<\/div>\n\t\t\t\t\t<\/div>\n\t\t<\/div>\n\t\t\t\t\t<\/div>\n\t\t<\/section>\n\t\t\t\t<\/div>\n\t\t","protected":false},"excerpt":{"rendered":"<p>Imprint Angaben gem\u00e4\u00df \u00a7 5 TMG: 3000watt GmbHB\u00f6ttcherstr. 733609 Bielefeld Vertreten durch: 3000watt GmbH, vertreten durch den Gesch\u00e4ftsf\u00fchrer Stefan P\u00f6pper Kontakt: Telefon: +49 521 329 333 00Telefax: +49 521 329 333 01E-Mail: info@owl-fulfillment.de Registereintrag: Eintragung im Handelsregister.Registergericht: Amtsgericht BielefeldRegisternummer: HRB 41780 Umsatzsteuer: Umsatzsteuer-Identifikationsnummer gem\u00e4\u00df \u00a727 a Umsatzsteuergesetz:DE284436692 Streitschlichtung: Die zust\u00e4ndige Verbraucherschlichtungsstelle ist die: Allgemeine Verbraucherschlichtungsstelle [&hellip;]<\/p>\n","protected":false},"author":1,"featured_media":0,"parent":0,"menu_order":0,"comment_status":"closed","ping_status":"closed","template":"elementor_header_footer","meta":{"footnotes":""},"class_list":["post-1404","page","type-page","status-publish","hentry"],"_links":{"self":[{"href":"https:\/\/owl-fulfillment.de\/en\/wp-json\/wp\/v2\/pages\/1404","targetHints":{"allow":["GET"]}}],"collection":[{"href":"https:\/\/owl-fulfillment.de\/en\/wp-json\/wp\/v2\/pages"}],"about":[{"href":"https:\/\/owl-fulfillment.de\/en\/wp-json\/wp\/v2\/types\/page"}],"author":[{"embeddable":true,"href":"https:\/\/owl-fulfillment.de\/en\/wp-json\/wp\/v2\/users\/1"}],"replies":[{"embeddable":true,"href":"https:\/\/owl-fulfillment.de\/en\/wp-json\/wp\/v2\/comments?post=1404"}],"version-history":[{"count":8,"href":"https:\/\/owl-fulfillment.de\/en\/wp-json\/wp\/v2\/pages\/1404\/revisions"}],"predecessor-version":[{"id":4154,"href":"https:\/\/owl-fulfillment.de\/en\/wp-json\/wp\/v2\/pages\/1404\/revisions\/4154"}],"wp:attachment":[{"href":"https:\/\/owl-fulfillment.de\/en\/wp-json\/wp\/v2\/media?parent=1404"}],"curies":[{"name":"wp","href":"https:\/\/api.w.org\/{rel}","templated":true}]}}