{"id":1406,"date":"2022-12-08T12:43:58","date_gmt":"2022-12-08T12:43:58","guid":{"rendered":"https:\/\/owl-fulfillment.de\/cookies\/"},"modified":"2022-12-19T15:55:38","modified_gmt":"2022-12-19T15:55:38","slug":"cookies","status":"publish","type":"page","link":"https:\/\/owl-fulfillment.de\/en\/cookies\/","title":{"rendered":"Cookies"},"content":{"rendered":"\t\t<div data-elementor-type=\"wp-page\" data-elementor-id=\"1406\" class=\"elementor elementor-1406 elementor-40\" data-elementor-post-type=\"page\">\n\t\t\t\t\t\t<section class=\"elementor-section elementor-top-section elementor-element elementor-element-666bae5 elementor-section-boxed elementor-section-height-default elementor-section-height-default\" data-id=\"666bae5\" data-element_type=\"section\" data-e-type=\"section\">\n\t\t\t\t\t\t<div class=\"elementor-container elementor-column-gap-default\">\n\t\t\t\t\t<div class=\"elementor-column elementor-col-100 elementor-top-column elementor-element elementor-element-6904a45\" data-id=\"6904a45\" data-element_type=\"column\" data-e-type=\"column\">\n\t\t\t<div class=\"elementor-widget-wrap elementor-element-populated\">\n\t\t\t\t\t\t<div class=\"elementor-element elementor-element-b26e0e5 elementor-widget elementor-widget-heading\" data-id=\"b26e0e5\" data-element_type=\"widget\" data-e-type=\"widget\" data-widget_type=\"heading.default\">\n\t\t\t\t<div class=\"elementor-widget-container\">\n\t\t\t\t\t<h2 class=\"elementor-heading-title elementor-size-default\">Cookies<\/h2>\t\t\t\t<\/div>\n\t\t\t\t<\/div>\n\t\t\t\t<div class=\"elementor-element elementor-element-a6f5567 elementor-widget elementor-widget-global elementor-global-1527 elementor-global-760 elementor-widget-text-editor\" data-id=\"a6f5567\" data-element_type=\"widget\" data-e-type=\"widget\" data-widget_type=\"text-editor.default\">\n\t\t\t\t<div class=\"elementor-widget-container\">\n\t\t\t\t\t\t\t\t\t<h3><strong><u>1. customize cookie settings<\/u><\/strong><\/h3>\n<h3>You can change your cookie settings at any time by clicking on the <strong>fingerprint button in the lower left corner [\u2b0b]<\/strong> of the website.<\/h3>\n<h3>This way, you can revisit the cookie consent banner and change your settings or revoke your consent immediately.<\/h3>\n<h3>Moreover, different browsers offer different methods of blocking and deleting cookies used by websites. You can change your browser settings to block\/delete cookies. Below are the links to the support documents on managing and deleting cookies in the main web browsers.<\/h3>\n<h3><b>Chrome:<\/b> https:\/\/support.google.com\/accounts\/answer\/32050<\/h3>\n<h3><b>Safari: <\/b>https:\/\/support.apple.com\/en-in\/guide\/safari\/sfri11471\/mac<\/h3>\n<h3><b>Firefox:<\/b> https:\/\/support.mozilla.org\/en-US\/kb\/clear-cookies-and-site-data-firefox?redirectslug=delete-cookies-remove-info-websites-stored&amp;redirectlocale=en-US<\/h3>\n<h3><b>Internet Explorer:<\/b> https:\/\/support.microsoft.com\/en-us\/topic\/how-to-delete-cookie-files-in-internet-explorer-bca9446f-d873-78de-77ba-d42645fa52fc<\/h3>\n<h3><i>If you are using a different web browser, please visit the official support documents of your browser.<\/i><\/h3>\n<div><strong><u>2. list of cookies used<\/u><\/strong><\/div>\n<div class=\"brlbs-cmpnt-container brlbs-cmpnt-shortcode-element\" data-borlabs-cookie-service-list><\/div>\n<p><strong><u>3. your consent history (if any)<\/u><\/strong><\/p>\n<div class=\"brlbs-cmpnt-container\" data-borlabs-cookie-consent-history><\/div>\n\t\t\t\t\t\t\t\t<\/div>\n\t\t\t\t<\/div>\n\t\t\t\t\t<\/div>\n\t\t<\/div>\n\t\t\t\t\t<\/div>\n\t\t<\/section>\n\t\t\t\t<\/div>\n\t\t","protected":false},"excerpt":{"rendered":"<p>Cookies 1. Cookie Einstellungen anpassen Sie k\u00f6nnen Ihre Cookie-Einstellungen jederzeit \u00e4ndern, indem Sie auf die Fingerabdruck-Schaltfl\u00e4che in der unteren linken Ecke [\u2b0b] der Website klicken. Auf diese Weise k\u00f6nnen Sie das Cookie-Zustimmungsbanner erneut aufrufen und Ihre Einstellungen \u00e4ndern oder Ihre Zustimmung sofort widerrufen. Dar\u00fcber hinaus bieten verschiedene Browser unterschiedliche Methoden zum Blockieren und L\u00f6schen von [&hellip;]<\/p>\n","protected":false},"author":1,"featured_media":0,"parent":0,"menu_order":0,"comment_status":"closed","ping_status":"closed","template":"elementor_header_footer","meta":{"footnotes":""},"class_list":["post-1406","page","type-page","status-publish","hentry"],"_links":{"self":[{"href":"https:\/\/owl-fulfillment.de\/en\/wp-json\/wp\/v2\/pages\/1406","targetHints":{"allow":["GET"]}}],"collection":[{"href":"https:\/\/owl-fulfillment.de\/en\/wp-json\/wp\/v2\/pages"}],"about":[{"href":"https:\/\/owl-fulfillment.de\/en\/wp-json\/wp\/v2\/types\/page"}],"author":[{"embeddable":true,"href":"https:\/\/owl-fulfillment.de\/en\/wp-json\/wp\/v2\/users\/1"}],"replies":[{"embeddable":true,"href":"https:\/\/owl-fulfillment.de\/en\/wp-json\/wp\/v2\/comments?post=1406"}],"version-history":[{"count":4,"href":"https:\/\/owl-fulfillment.de\/en\/wp-json\/wp\/v2\/pages\/1406\/revisions"}],"predecessor-version":[{"id":1444,"href":"https:\/\/owl-fulfillment.de\/en\/wp-json\/wp\/v2\/pages\/1406\/revisions\/1444"}],"wp:attachment":[{"href":"https:\/\/owl-fulfillment.de\/en\/wp-json\/wp\/v2\/media?parent=1406"}],"curies":[{"name":"wp","href":"https:\/\/api.w.org\/{rel}","templated":true}]}}